{"id":475,"date":"2025-05-31T19:37:02","date_gmt":"2025-05-31T19:37:02","guid":{"rendered":"https:\/\/porukamira.com\/?page_id=475"},"modified":"2026-01-08T15:25:51","modified_gmt":"2026-01-08T15:25:51","slug":"about-pr","status":"publish","type":"page","link":"https:\/\/porukamira.com\/index.php\/about-pr\/","title":{"rendered":"O Prem Ravatu"},"content":{"rendered":"<div id='welcome'  class='av-layout-grid-container av-vue99-5c383ff0ffe81fe4903361d2863743af entry-content-wrapper main_color av-fixed-cells  avia-builder-el-0  el_before_av_section  avia-builder-el-first   container_wrap sidebar_right'  >\n\n<style type=\"text\/css\" data-created_by=\"avia_inline_auto\" id=\"style-css-av-rlrnp-55919597daf762a3193c86e0b10376ad\">\n.flex_cell.av-rlrnp-55919597daf762a3193c86e0b10376ad{\nvertical-align:top;\nheight:15px;\nmin-height:15px;\nbackground-color:#47627b;\n}\n.responsive #top #wrap_all .flex_cell.av-rlrnp-55919597daf762a3193c86e0b10376ad{\npadding:0px 0px 0px 0px !important;\n}\n<\/style>\n<div class='flex_cell av-rlrnp-55919597daf762a3193c86e0b10376ad av-gridrow-cell av_one_fourth no_margin  avia-builder-el-1  el_before_av_cell_one_fourth  avia-builder-el-first  content-align-top av-zero-padding'  ><div class='flex_cell_inner'><\/div><\/div>\n<style type=\"text\/css\" data-created_by=\"avia_inline_auto\" id=\"style-css-av-m41lp-8ef764be7bff1b90c32da2c515fb2cc6\">\n.flex_cell.av-m41lp-8ef764be7bff1b90c32da2c515fb2cc6{\nvertical-align:top;\nheight:15px;\nmin-height:15px;\nbackground-color:#527593;\n}\n.responsive #top #wrap_all .flex_cell.av-m41lp-8ef764be7bff1b90c32da2c515fb2cc6{\npadding:0px 0px 0px 0px !important;\n}\n<\/style>\n<div class='flex_cell av-m41lp-8ef764be7bff1b90c32da2c515fb2cc6 av-gridrow-cell av_one_fourth no_margin  avia-builder-el-2  el_after_av_cell_one_fourth  el_before_av_cell_one_fourth  content-align-top av-zero-padding'  ><div class='flex_cell_inner'><\/div><\/div>\n<style type=\"text\/css\" data-created_by=\"avia_inline_auto\" id=\"style-css-av-hqp91-6c998f0f60a915b8a24d7098f122c862\">\n.flex_cell.av-hqp91-6c998f0f60a915b8a24d7098f122c862{\nvertical-align:top;\nheight:15px;\nmin-height:15px;\nbackground-color:#7695ae;\n}\n.responsive #top #wrap_all .flex_cell.av-hqp91-6c998f0f60a915b8a24d7098f122c862{\npadding:0px 0px 0px 0px !important;\n}\n<\/style>\n<div class='flex_cell av-hqp91-6c998f0f60a915b8a24d7098f122c862 av-gridrow-cell av_one_fourth no_margin  avia-builder-el-3  el_after_av_cell_one_fourth  el_before_av_cell_one_fourth  content-align-top av-zero-padding'  ><div class='flex_cell_inner'><\/div><\/div>\n<style type=\"text\/css\" data-created_by=\"avia_inline_auto\" id=\"style-css-av-8ce8l-7dff45083a85e5efb768496d2e978ca0\">\n.flex_cell.av-8ce8l-7dff45083a85e5efb768496d2e978ca0{\nvertical-align:top;\nheight:15px;\nmin-height:15px;\nbackground-color:#a5c3d7;\n}\n.responsive #top #wrap_all .flex_cell.av-8ce8l-7dff45083a85e5efb768496d2e978ca0{\npadding:0px 0px 0px 0px !important;\n}\n<\/style>\n<div class='flex_cell av-8ce8l-7dff45083a85e5efb768496d2e978ca0 av-gridrow-cell av_one_fourth no_margin  avia-builder-el-4  el_after_av_cell_one_fourth  avia-builder-el-last  content-align-top av-zero-padding'  ><div class='flex_cell_inner'><\/div><\/div>\n<\/div>\n\n<style type=\"text\/css\" data-created_by=\"avia_inline_auto\" id=\"style-css-av-mbs8u3xf-f55131b4b16c72a4c1f8b029a48541bb\">\n.avia-section.av-mbs8u3xf-f55131b4b16c72a4c1f8b029a48541bb{\nbackground-color:#1a242c;\nbackground:linear-gradient( to right, #1a242c, #2e3d4a, #6c89a0 );\n}\n<\/style>\n<div id='av_section_1'  class='avia-section av-mbs8u3xf-f55131b4b16c72a4c1f8b029a48541bb main_color avia-section-small avia-no-border-styling  avia-builder-el-5  el_after_av_layout_row  el_before_av_layout_row  avia-bg-style-scroll av-minimum-height av-minimum-height-custom av-height-custom  container_wrap sidebar_right'   data-av_minimum_height_px='150'><div class='container av-section-cont-open' style='height:150px'><div class='template-page content  av-content-small alpha units'><div class='post-entry post-entry-type-page post-entry-475'><div class='entry-content-wrapper clearfix'>\n\n<style type=\"text\/css\" data-created_by=\"avia_inline_auto\" id=\"style-css-av-mbs8v0im-251bb244cc9ec352122ce2b761763270\">\n#top .av-special-heading.av-mbs8v0im-251bb244cc9ec352122ce2b761763270{\npadding-bottom:10px;\ncolor:#ffffff;\nfont-size:45px;\n}\nbody .av-special-heading.av-mbs8v0im-251bb244cc9ec352122ce2b761763270 .av-special-heading-tag .heading-char{\nfont-size:25px;\n}\n#top #wrap_all .av-special-heading.av-mbs8v0im-251bb244cc9ec352122ce2b761763270 .av-special-heading-tag{\nfont-size:45px;\n}\n.av-special-heading.av-mbs8v0im-251bb244cc9ec352122ce2b761763270 .special-heading-inner-border{\nborder-color:#ffffff;\n}\n.av-special-heading.av-mbs8v0im-251bb244cc9ec352122ce2b761763270 .av-subheading{\nfont-size:15px;\n}\n\n@media only screen and (min-width: 480px) and (max-width: 767px){ \n#top #wrap_all .av-special-heading.av-mbs8v0im-251bb244cc9ec352122ce2b761763270 .av-special-heading-tag{\nfont-size:0.8em;\n}\n}\n\n@media only screen and (max-width: 479px){ \n#top #wrap_all .av-special-heading.av-mbs8v0im-251bb244cc9ec352122ce2b761763270 .av-special-heading-tag{\nfont-size:0.8em;\n}\n}\n<\/style>\n<div  class='av-special-heading av-mbs8v0im-251bb244cc9ec352122ce2b761763270 av-special-heading-h3 custom-color-heading blockquote modern-quote  avia-builder-el-6  avia-builder-el-no-sibling  av-inherit-size'><h3 class='av-special-heading-tag '  itemprop=\"headline\"  >O Prem Ravatu<\/h3><div class=\"special-heading-border\"><div class=\"special-heading-inner-border\"><\/div><\/div><\/div>\n\n<\/div><\/div><\/div><!-- close content main div --><\/div><\/div><div id='welcome'  class='av-layout-grid-container av-wlff7-1375b1090abccd0e65e32e19840f5d8b entry-content-wrapper main_color av-fixed-cells  avia-builder-el-7  el_after_av_section  el_before_av_section  grid-row-not-first  container_wrap sidebar_right'  >\n\n<style type=\"text\/css\" data-created_by=\"avia_inline_auto\" id=\"style-css-av-pn65v-b32aff6ae10c863c9fe560a0b2131cab\">\n.flex_cell.av-pn65v-b32aff6ae10c863c9fe560a0b2131cab{\nvertical-align:top;\nheight:15px;\nmin-height:15px;\nbackground-color:#47627b;\n}\n.responsive #top #wrap_all .flex_cell.av-pn65v-b32aff6ae10c863c9fe560a0b2131cab{\npadding:0px 0px 0px 0px !important;\n}\n<\/style>\n<div class='flex_cell av-pn65v-b32aff6ae10c863c9fe560a0b2131cab av-gridrow-cell av_one_fourth no_margin  avia-builder-el-8  el_before_av_cell_one_fourth  avia-builder-el-first  content-align-top av-zero-padding'  ><div class='flex_cell_inner'><\/div><\/div>\n<style type=\"text\/css\" data-created_by=\"avia_inline_auto\" id=\"style-css-av-jcgwb-daa6b1d82d3a1816b13b1957150c4a85\">\n.flex_cell.av-jcgwb-daa6b1d82d3a1816b13b1957150c4a85{\nvertical-align:top;\nheight:15px;\nmin-height:15px;\nbackground-color:#527593;\n}\n.responsive #top #wrap_all .flex_cell.av-jcgwb-daa6b1d82d3a1816b13b1957150c4a85{\npadding:0px 0px 0px 0px !important;\n}\n<\/style>\n<div class='flex_cell av-jcgwb-daa6b1d82d3a1816b13b1957150c4a85 av-gridrow-cell av_one_fourth no_margin  avia-builder-el-9  el_after_av_cell_one_fourth  el_before_av_cell_one_fourth  content-align-top av-zero-padding'  ><div class='flex_cell_inner'><\/div><\/div>\n<style type=\"text\/css\" data-created_by=\"avia_inline_auto\" id=\"style-css-av-h5le3-d988ea92d678c8781c35d10fc90ca355\">\n.flex_cell.av-h5le3-d988ea92d678c8781c35d10fc90ca355{\nvertical-align:top;\nheight:15px;\nmin-height:15px;\nbackground-color:#7695ae;\n}\n.responsive #top #wrap_all .flex_cell.av-h5le3-d988ea92d678c8781c35d10fc90ca355{\npadding:0px 0px 0px 0px !important;\n}\n<\/style>\n<div class='flex_cell av-h5le3-d988ea92d678c8781c35d10fc90ca355 av-gridrow-cell av_one_fourth no_margin  avia-builder-el-10  el_after_av_cell_one_fourth  el_before_av_cell_one_fourth  content-align-top av-zero-padding'  ><div class='flex_cell_inner'><\/div><\/div>\n<style type=\"text\/css\" data-created_by=\"avia_inline_auto\" id=\"style-css-av-amwbf-bd52fd9b7a0187f1ab328ba5be4169a9\">\n.flex_cell.av-amwbf-bd52fd9b7a0187f1ab328ba5be4169a9{\nvertical-align:top;\nheight:15px;\nmin-height:15px;\nbackground-color:#a5c3d7;\n}\n.responsive #top #wrap_all .flex_cell.av-amwbf-bd52fd9b7a0187f1ab328ba5be4169a9{\npadding:0px 0px 0px 0px !important;\n}\n<\/style>\n<div class='flex_cell av-amwbf-bd52fd9b7a0187f1ab328ba5be4169a9 av-gridrow-cell av_one_fourth no_margin  avia-builder-el-11  el_after_av_cell_one_fourth  avia-builder-el-last  content-align-top av-zero-padding'  ><div class='flex_cell_inner'><\/div><\/div>\n<\/div>\n<div id='av_section_2'  class='avia-section av-kshkz-b3b6d62431cb2f14688199b985d130b3 main_color avia-section-default avia-no-border-styling  avia-builder-el-12  el_after_av_layout_row  el_before_av_section  avia-bg-style-scroll container_wrap sidebar_right'  ><div class='container av-section-cont-open' ><div class='template-page content  av-content-small alpha units'><div class='post-entry post-entry-type-page post-entry-475'><div class='entry-content-wrapper clearfix'>\n<div  class='flex_column av-gkkg3-d72ccda2b53aab0d1375b752da7e234f av_one_full  avia-builder-el-13  avia-builder-el-no-sibling  first flex_column_div  '     ><p>\n<style type=\"text\/css\" data-created_by=\"avia_inline_auto\" id=\"style-css-av-mbcnrr21-b8696ac7e97b52930ef4d0287eecb76f\">\n.avia-image-container.av-mbcnrr21-b8696ac7e97b52930ef4d0287eecb76f img.avia_image{\nbox-shadow:none;\n}\n.avia-image-container.av-mbcnrr21-b8696ac7e97b52930ef4d0287eecb76f .av-image-caption-overlay-center{\ncolor:#ffffff;\n}\n<\/style>\n<div  class='avia-image-container av-mbcnrr21-b8696ac7e97b52930ef4d0287eecb76f av-styling- av-hover-grow avia-align-center  avia-builder-el-14  el_before_av_heading  avia-builder-el-first '   itemprop=\"image\" itemscope=\"itemscope\" itemtype=\"https:\/\/schema.org\/ImageObject\" ><div class=\"avia-image-container-inner\"><div class=\"avia-image-overlay-wrap\"><img decoding=\"async\" fetchpriority=\"high\" class='wp-image-1133 avia-img-lazy-loading-not-1133 avia_image ' src=\"https:\/\/porukamira.com\/wp-content\/uploads\/2025\/06\/PR-Amaroo-1200.jpg\" alt='' title='PR-Amaroo-1200'  height=\"620\" width=\"1200\"  itemprop=\"thumbnailUrl\" srcset=\"https:\/\/porukamira.com\/wp-content\/uploads\/2025\/06\/PR-Amaroo-1200.jpg 1200w, https:\/\/porukamira.com\/wp-content\/uploads\/2025\/06\/PR-Amaroo-1200-300x155.jpg 300w, https:\/\/porukamira.com\/wp-content\/uploads\/2025\/06\/PR-Amaroo-1200-1030x532.jpg 1030w, https:\/\/porukamira.com\/wp-content\/uploads\/2025\/06\/PR-Amaroo-1200-768x397.jpg 768w, https:\/\/porukamira.com\/wp-content\/uploads\/2025\/06\/PR-Amaroo-1200-705x364.jpg 705w\" sizes=\"(max-width: 1200px) 100vw, 1200px\" \/><\/div><\/div><\/div><br \/>\n\n<style type=\"text\/css\" data-created_by=\"avia_inline_auto\" id=\"style-css-av-mbcmhus0-a6293dbcbdb8030928dad638f55fe147\">\n#top .av-special-heading.av-mbcmhus0-a6293dbcbdb8030928dad638f55fe147{\npadding-bottom:10px;\nfont-size:42px;\n}\nbody .av-special-heading.av-mbcmhus0-a6293dbcbdb8030928dad638f55fe147 .av-special-heading-tag .heading-char{\nfont-size:25px;\n}\n#top #wrap_all .av-special-heading.av-mbcmhus0-a6293dbcbdb8030928dad638f55fe147 .av-special-heading-tag{\nfont-size:42px;\n}\n.av-special-heading.av-mbcmhus0-a6293dbcbdb8030928dad638f55fe147 .av-subheading{\nfont-size:15px;\n}\n\n@media only screen and (min-width: 480px) and (max-width: 767px){ \n#top #wrap_all .av-special-heading.av-mbcmhus0-a6293dbcbdb8030928dad638f55fe147 .av-special-heading-tag{\nfont-size:0.8em;\n}\n}\n\n@media only screen and (max-width: 479px){ \n#top #wrap_all .av-special-heading.av-mbcmhus0-a6293dbcbdb8030928dad638f55fe147 .av-special-heading-tag{\nfont-size:0.8em;\n}\n}\n<\/style>\n<div  class='av-special-heading av-mbcmhus0-a6293dbcbdb8030928dad638f55fe147 av-special-heading-h2 blockquote modern-quote modern-centered  avia-builder-el-15  el_after_av_image  el_before_av_textblock  av-inherit-size'><h2 class='av-special-heading-tag '  itemprop=\"headline\"  >\u017divot posve\u0107en miru<\/h2><div class=\"special-heading-border\"><div class=\"special-heading-inner-border\"><\/div><\/div><\/div><br \/>\n<section  class='av_textblock_section av-mbcmifgj-55fbd006f61d85239d8cdcbb6a3a68e9 '   itemscope=\"itemscope\" itemtype=\"https:\/\/schema.org\/CreativeWork\" ><div class='avia_textblock'  itemprop=\"text\" ><p>Prem Ravat je ro\u0111en 1957. godine u Dehradunu, u severnoj Indiji. Jo\u0161 kao dete shvatio je da mogu\u0107nost spoznaje unutra\u0161njeg mira postoji za svakog \u010doveka. Posvetio je svoj \u017eivot preno\u0161enju ove jednostavne, a zna\u010dajne poruke ljudima \u0161irom sveta. U toku poslednjih \u0161est decenija podelio je svoje razumevanje unutra\u0161njeg mira sa vi\u0161e stotina miliona ljudi u preko stotinu zemalja. Bez obzira da li se obra\u0107a zvani\u010dnicima u Evropskom parlamentu, zatvorenicima u Ju\u017enoj Africi ili srednjo\u0161kolcima u Peruu njegova poruka je ista: potreba za unutra\u0161njim mirom je od isto tako su\u0161tinskog zna\u010daja, kao \u0161to su osnovne potrebe za hranom i vodom, a na\u0161a je du\u017enost da tu potrebu otkrijemo i zadovoljimo.<\/p>\n<\/div><\/section><br \/>\n\n<style type=\"text\/css\" data-created_by=\"avia_inline_auto\" id=\"style-css-av-mbcmu5yn-c84b274b1dcc96991bc5126cfb92db7c\">\n.av_promobox.av-mbcmu5yn-c84b274b1dcc96991bc5126cfb92db7c{\ncolor:#ffffff;\nbackground-color:#527593;\nborder-style:solid;\nborder-radius:20px 20px 20px 20px;\n}\n<\/style>\n<div  class='av_promobox av-mbcmu5yn-c84b274b1dcc96991bc5126cfb92db7c avia-button-no  avia-builder-el-17  el_after_av_textblock  el_before_av_textblock '><div class='avia-promocontent'><\/p>\n<h3 style=\"text-align: center;\"><em><strong>\u201eMir je mogu\u0107 i po\u010dinje u svakom od nas\u201d<\/strong><\/em><\/h3>\n<h3 style=\"text-align: center;\">&#8211; Prem Ravat &#8211;<\/h3>\n<p>\n<\/div><\/div><br \/>\n<section  class='av_textblock_section av-mbcmuzf4-1d284cc2bd16fdf1d1aec759f34ba053 '   itemscope=\"itemscope\" itemtype=\"https:\/\/schema.org\/CreativeWork\" ><div class='avia_textblock'  itemprop=\"text\" ><p>Kao autor bestselera, Prem je prona\u0161ao na\u010din da bezvremene, univerzalne istine u\u010dini dostupnim ljudima iz svih dru\u0161tvenih slojeva. Autor je nekoliko knjiga od kojih je jedna, <strong><em>Oslu\u0161ni sebe: kako prona\u0107i mir u bu\u010dnom svetu<\/em><\/strong> bestseler Njujork tajmsa. Njegova najnovija knjiga <strong><em>Dah<\/em><\/strong> prevedena je i na srpski.<\/p>\n<p>Jo\u0161 jedan na\u010din na koji Prem prenosi svoju inspirativnu poruku jeste putem svog Programa <strong>Edukacijom do mira<\/strong> (<strong>Peace Education<\/strong>), koji je izuzetno dobro prihva\u0107en u zatvorima, \u0161kolama, policijskim akademijama, bolnicama, domovima za stare, centrima za veterane u vi\u0161e od 80 zemalja.<\/p>\n<p>Uvek tra\u017ee\u0107i inovativne, nove metode da prenese svoju poruku, Prem je kreirao program <strong>Obukom do mira i znanja<\/strong> (<strong>Peace Education and Knowledge &#8211; PEAK<\/strong>) &#8211; onlajn, video kurs samospoznaje dostupan svima, besplatno, na njegovoj medijskoj platformi <strong>TimelessToday<\/strong>.<\/p>\n<p>Za svoje neumorno zalaganje, Prem Ravat je stekao mnoga priznanja (po\u010dasna titula globalnog ambasadora mira) i nagrade mnogih presti\u017enih ustanova (Ujedinjenih nacija, Evropskog parlamenta, Fondacije Azijskih i pacifi\u010dkih brendova itd), kao i klju\u010deve preko dvadeset gradova \u0161irom sveta. Pored obra\u0107anja u\u017eivo, Prem Ravat \u010desto daje intervjue na radiju i televiziji.<\/p>\n<p>Prem je tako\u0111e veoma aktivan humanitarac<strong>. Fondacija Prem Ravat<\/strong> (<strong>TPRF<\/strong>), osnovana 2001. godine, podr\u017eava razne dobrotvorne aktivnosti i pomo\u0107 najugro\u017eenijim u zadovoljavanju osnovnih potreba za hranom i vodom i medicinskim sredstvima. A u skladu sa premisom da je potreba za mirom takodje fundamentalna ljudska potreba, Fondacija je i inicirala kreiranje kursa <strong>Edukacijom do mira<\/strong> kroz koji je pro\u0161lo vi\u0161e od pola miliona polaznika \u0161irom sveta.<\/p>\n<p>Pored toga, Prem je i vrhunski pilot, sa vi\u0161e od 15.000 sati leta u slu\u017ebi svoje do\u017eivotne posve\u0107enosti da svoju poruku mira prenese \u0161to ve\u0107em broju ljudi. \u0160to se ti\u010de porodice, Prem je o\u017eenjen sa Marolin Ravat od 1974. godine i otac je \u010detvoro dece i deda \u010detvoro unu\u010dadi.<\/p>\n<\/div><\/section><\/p><\/div><\/div><\/div><\/div><!-- close content main div --><\/div><\/div><div id='av_section_3'  class='avia-section av-9e92b-fa1b8f11ea7bc1270ee6c236346a84b0 main_color avia-section-default avia-no-border-styling  avia-builder-el-19  el_after_av_section  el_before_av_layout_row  avia-bg-style-scroll container_wrap sidebar_right'  ><div class='container av-section-cont-open' ><div class='template-page content  av-content-small alpha units'><div class='post-entry post-entry-type-page post-entry-475'><div class='entry-content-wrapper clearfix'>\n<div  class='avia-logo-element-container av-mbqnuyn6-d50bba64339d28a7a0c8a86906f0b80f av-border-deactivate avia-logo-slider avia-content-slider avia-smallarrow-slider avia-content-slider-active noHover avia-content-slider-odd  avia-builder-el-20  avia-builder-el-no-sibling  av-slideshow-ui av-control-hidden av-nav-arrows-visible av-nav-dots-visible av-no-slider-navigation av-hide-nav-arrows av-slideshow-manual av-loop-once av-loop-manual-endless avia-content-slider1' data-slideshow-options=\"{&quot;animation&quot;:&quot;slide&quot;,&quot;autoplay&quot;:false,&quot;loop_autoplay&quot;:&quot;once&quot;,&quot;interval&quot;:5,&quot;loop_manual&quot;:&quot;manual-endless&quot;,&quot;autoplay_stopper&quot;:false,&quot;noNavigation&quot;:true,&quot;bg_slider&quot;:false,&quot;keep_padding&quot;:&quot;&quot;,&quot;hoverpause&quot;:false,&quot;show_slide_delay&quot;:0}\"><div class='avia-smallarrow-slider-heading  no-logo-slider-heading '><\/div><div class=\"avia-content-slider-inner\"><div class=\"slide-entry-wrap\"><div  class='slide-entry av-mbqo2v6y-8961ad48301fe284e67ce00519ffe1d7 flex_column no_margin av_one_fifth real-thumbnail post-entry slide-entry-overview slide-loop-1 slide-parity-odd  first'><a href=\"https:\/\/www.wopg.org\/\" data-rel='slide-1' class='slide-image' title=''  target=\"_blank\"  rel=\"noopener noreferrer\"><img decoding=\"async\" fetchpriority=\"high\" width=\"260\" height=\"70\" src=\"https:\/\/porukamira.com\/wp-content\/uploads\/2025\/06\/logo-wopg-260.jpg\" class=\"wp-image-967 avia-img-lazy-loading-not-967 attachment-no scaling size-no scaling\" alt=\"\" \/><\/a><\/div><div  class='slide-entry av-mbqo1foq-28a216a7cffab40c15a3e7de1615b94c flex_column no_margin av_one_fifth real-thumbnail post-entry slide-entry-overview slide-loop-2 slide-parity-even  '><a href=\"https:\/\/www.premrawat.com\/\" data-rel='slide-1' class='slide-image' title=''  target=\"_blank\"  rel=\"noopener noreferrer\"><img decoding=\"async\" fetchpriority=\"high\" width=\"260\" height=\"70\" src=\"https:\/\/porukamira.com\/wp-content\/uploads\/2025\/06\/logo-pr-260.jpg\" class=\"wp-image-970 avia-img-lazy-loading-not-970 attachment-no scaling size-no scaling\" alt=\"\" \/><\/a><\/div><div  class='slide-entry av-mbqo3mmm-1d3238c45a69788b2914e7776eb7bf0a flex_column no_margin av_one_fifth real-thumbnail post-entry slide-entry-overview slide-loop-3 slide-parity-odd  '><a href=\"https:\/\/www.timelesstoday.tv\/\" data-rel='slide-1' class='slide-image' title=''  target=\"_blank\"  rel=\"noopener noreferrer\"><img decoding=\"async\" fetchpriority=\"high\" width=\"260\" height=\"70\" src=\"https:\/\/porukamira.com\/wp-content\/uploads\/2025\/06\/logo-tt-260.jpg\" class=\"wp-image-969 avia-img-lazy-loading-not-969 attachment-no scaling size-no scaling\" alt=\"\" \/><\/a><\/div><div  class='slide-entry av-mbqo4ifv-fba43609b316d0dd9b2f7331f685bd5c flex_column no_margin av_one_fifth real-thumbnail post-entry slide-entry-overview slide-loop-4 slide-parity-even  '><a href=\"https:\/\/tprf.org\/\" data-rel='slide-1' class='slide-image' title=''  target=\"_blank\"  rel=\"noopener noreferrer\"><img decoding=\"async\" fetchpriority=\"high\" width=\"260\" height=\"70\" src=\"https:\/\/porukamira.com\/wp-content\/uploads\/2025\/06\/logo-tprf-260.jpg\" class=\"wp-image-968 avia-img-lazy-loading-not-968 attachment-no scaling size-no scaling\" alt=\"\" \/><\/a><\/div><div  class='slide-entry av-mbqo55wm-bbfc297593ec24c99ec8925b1267d2e0 flex_column no_margin av_one_fifth real-thumbnail post-entry slide-entry-overview slide-loop-5 slide-parity-odd post-entry-last '><a href=\"https:\/\/www.intelligentexistence.com\/\" data-rel='slide-1' class='slide-image' title=''  target=\"_blank\"  rel=\"noopener noreferrer\"><img decoding=\"async\" fetchpriority=\"high\" width=\"260\" height=\"70\" src=\"https:\/\/porukamira.com\/wp-content\/uploads\/2025\/06\/logo-ie-260.jpg\" class=\"wp-image-971 avia-img-lazy-loading-not-971 attachment-no scaling size-no scaling\" alt=\"\" \/><\/a><\/div><\/div><\/div><\/div>\n<\/p>\n<\/div><\/div><\/div><!-- close content main div --><\/div><\/div><div id='welcome'  class='av-layout-grid-container av-wdhr9-f7581b0f15400ada3f17176e02cf10c6 entry-content-wrapper main_color av-fixed-cells  avia-builder-el-21  el_after_av_section  avia-builder-el-last  grid-row-not-first  container_wrap sidebar_right'  >\n\n<style type=\"text\/css\" data-created_by=\"avia_inline_auto\" id=\"style-css-av-2wphh-6d440e8639f7397edcd7ad9f5b9071a3\">\n.flex_cell.av-2wphh-6d440e8639f7397edcd7ad9f5b9071a3{\nvertical-align:top;\nheight:15px;\nmin-height:15px;\nbackground-color:#47627b;\n}\n.responsive #top #wrap_all .flex_cell.av-2wphh-6d440e8639f7397edcd7ad9f5b9071a3{\npadding:0px 0px 0px 0px !important;\n}\n<\/style>\n<div class='flex_cell av-2wphh-6d440e8639f7397edcd7ad9f5b9071a3 av-gridrow-cell av_one_fourth no_margin  avia-builder-el-22  el_before_av_cell_one_fourth  avia-builder-el-first  content-align-top av-zero-padding'  ><div class='flex_cell_inner'><\/div><\/div>\n<style type=\"text\/css\" data-created_by=\"avia_inline_auto\" id=\"style-css-av-jitw5-16460610cd5fa0b5b06507e7b6143061\">\n.flex_cell.av-jitw5-16460610cd5fa0b5b06507e7b6143061{\nvertical-align:top;\nheight:15px;\nmin-height:15px;\nbackground-color:#527593;\n}\n.responsive #top #wrap_all .flex_cell.av-jitw5-16460610cd5fa0b5b06507e7b6143061{\npadding:0px 0px 0px 0px !important;\n}\n<\/style>\n<div class='flex_cell av-jitw5-16460610cd5fa0b5b06507e7b6143061 av-gridrow-cell av_one_fourth no_margin  avia-builder-el-23  el_after_av_cell_one_fourth  el_before_av_cell_one_fourth  content-align-top av-zero-padding'  ><div class='flex_cell_inner'><\/div><\/div>\n<style type=\"text\/css\" data-created_by=\"avia_inline_auto\" id=\"style-css-av-czn2l-306958f9bbf0f3098bdf9c8c52900e14\">\n.flex_cell.av-czn2l-306958f9bbf0f3098bdf9c8c52900e14{\nvertical-align:top;\nheight:15px;\nmin-height:15px;\nbackground-color:#7695ae;\n}\n.responsive #top #wrap_all .flex_cell.av-czn2l-306958f9bbf0f3098bdf9c8c52900e14{\npadding:0px 0px 0px 0px !important;\n}\n<\/style>\n<div class='flex_cell av-czn2l-306958f9bbf0f3098bdf9c8c52900e14 av-gridrow-cell av_one_fourth no_margin  avia-builder-el-24  el_after_av_cell_one_fourth  el_before_av_cell_one_fourth  content-align-top av-zero-padding'  ><div class='flex_cell_inner'><\/div><\/div>\n<style type=\"text\/css\" data-created_by=\"avia_inline_auto\" id=\"style-css-av-bn8sd-291868c2d06116dfe9938c12ec570349\">\n.flex_cell.av-bn8sd-291868c2d06116dfe9938c12ec570349{\nvertical-align:top;\nheight:15px;\nmin-height:15px;\nbackground-color:#a5c3d7;\n}\n.responsive #top #wrap_all .flex_cell.av-bn8sd-291868c2d06116dfe9938c12ec570349{\npadding:0px 0px 0px 0px !important;\n}\n<\/style>\n<div class='flex_cell av-bn8sd-291868c2d06116dfe9938c12ec570349 av-gridrow-cell av_one_fourth no_margin  avia-builder-el-25  el_after_av_cell_one_fourth  avia-builder-el-last  content-align-top av-zero-padding'  ><div class='flex_cell_inner'><\/div><\/div>\n<\/div>\n","protected":false},"excerpt":{"rendered":"","protected":false},"author":1,"featured_media":0,"parent":0,"menu_order":0,"comment_status":"closed","ping_status":"closed","template":"","meta":{"footnotes":""},"class_list":["post-475","page","type-page","status-publish","hentry"],"_links":{"self":[{"href":"https:\/\/porukamira.com\/index.php\/wp-json\/wp\/v2\/pages\/475","targetHints":{"allow":["GET"]}}],"collection":[{"href":"https:\/\/porukamira.com\/index.php\/wp-json\/wp\/v2\/pages"}],"about":[{"href":"https:\/\/porukamira.com\/index.php\/wp-json\/wp\/v2\/types\/page"}],"author":[{"embeddable":true,"href":"https:\/\/porukamira.com\/index.php\/wp-json\/wp\/v2\/users\/1"}],"replies":[{"embeddable":true,"href":"https:\/\/porukamira.com\/index.php\/wp-json\/wp\/v2\/comments?post=475"}],"version-history":[{"count":44,"href":"https:\/\/porukamira.com\/index.php\/wp-json\/wp\/v2\/pages\/475\/revisions"}],"predecessor-version":[{"id":1675,"href":"https:\/\/porukamira.com\/index.php\/wp-json\/wp\/v2\/pages\/475\/revisions\/1675"}],"wp:attachment":[{"href":"https:\/\/porukamira.com\/index.php\/wp-json\/wp\/v2\/media?parent=475"}],"curies":[{"name":"wp","href":"https:\/\/api.w.org\/{rel}","templated":true}]}}