{"id":1549,"date":"2025-08-05T15:30:09","date_gmt":"2025-08-05T15:30:09","guid":{"rendered":"https:\/\/porukamira.com\/?page_id=1549"},"modified":"2025-08-06T15:01:33","modified_gmt":"2025-08-06T15:01:33","slug":"yt-titl-tutorijal","status":"publish","type":"page","link":"https:\/\/porukamira.com\/index.php\/yt-titl-tutorijal\/","title":{"rendered":"YT-titl-tutorijal"},"content":{"rendered":"<div id='welcome'  class='av-layout-grid-container av-vue99-5c383ff0ffe81fe4903361d2863743af entry-content-wrapper main_color av-fixed-cells  avia-builder-el-0  el_before_av_section  avia-builder-el-first   container_wrap sidebar_right'  >\n\n<style type=\"text\/css\" data-created_by=\"avia_inline_auto\" id=\"style-css-av-rlrnp-55919597daf762a3193c86e0b10376ad\">\n.flex_cell.av-rlrnp-55919597daf762a3193c86e0b10376ad{\nvertical-align:top;\nheight:15px;\nmin-height:15px;\nbackground-color:#47627b;\n}\n.responsive #top #wrap_all .flex_cell.av-rlrnp-55919597daf762a3193c86e0b10376ad{\npadding:0px 0px 0px 0px !important;\n}\n<\/style>\n<div class='flex_cell av-rlrnp-55919597daf762a3193c86e0b10376ad av-gridrow-cell av_one_fourth no_margin  avia-builder-el-1  el_before_av_cell_one_fourth  avia-builder-el-first  content-align-top av-zero-padding'  ><div class='flex_cell_inner'><\/div><\/div>\n<style type=\"text\/css\" data-created_by=\"avia_inline_auto\" id=\"style-css-av-m41lp-8ef764be7bff1b90c32da2c515fb2cc6\">\n.flex_cell.av-m41lp-8ef764be7bff1b90c32da2c515fb2cc6{\nvertical-align:top;\nheight:15px;\nmin-height:15px;\nbackground-color:#527593;\n}\n.responsive #top #wrap_all .flex_cell.av-m41lp-8ef764be7bff1b90c32da2c515fb2cc6{\npadding:0px 0px 0px 0px !important;\n}\n<\/style>\n<div class='flex_cell av-m41lp-8ef764be7bff1b90c32da2c515fb2cc6 av-gridrow-cell av_one_fourth no_margin  avia-builder-el-2  el_after_av_cell_one_fourth  el_before_av_cell_one_fourth  content-align-top av-zero-padding'  ><div class='flex_cell_inner'><\/div><\/div>\n<style type=\"text\/css\" data-created_by=\"avia_inline_auto\" id=\"style-css-av-hqp91-6c998f0f60a915b8a24d7098f122c862\">\n.flex_cell.av-hqp91-6c998f0f60a915b8a24d7098f122c862{\nvertical-align:top;\nheight:15px;\nmin-height:15px;\nbackground-color:#7695ae;\n}\n.responsive #top #wrap_all .flex_cell.av-hqp91-6c998f0f60a915b8a24d7098f122c862{\npadding:0px 0px 0px 0px !important;\n}\n<\/style>\n<div class='flex_cell av-hqp91-6c998f0f60a915b8a24d7098f122c862 av-gridrow-cell av_one_fourth no_margin  avia-builder-el-3  el_after_av_cell_one_fourth  el_before_av_cell_one_fourth  content-align-top av-zero-padding'  ><div class='flex_cell_inner'><\/div><\/div>\n<style type=\"text\/css\" data-created_by=\"avia_inline_auto\" id=\"style-css-av-8ce8l-7dff45083a85e5efb768496d2e978ca0\">\n.flex_cell.av-8ce8l-7dff45083a85e5efb768496d2e978ca0{\nvertical-align:top;\nheight:15px;\nmin-height:15px;\nbackground-color:#a5c3d7;\n}\n.responsive #top #wrap_all .flex_cell.av-8ce8l-7dff45083a85e5efb768496d2e978ca0{\npadding:0px 0px 0px 0px !important;\n}\n<\/style>\n<div class='flex_cell av-8ce8l-7dff45083a85e5efb768496d2e978ca0 av-gridrow-cell av_one_fourth no_margin  avia-builder-el-4  el_after_av_cell_one_fourth  avia-builder-el-last  content-align-top av-zero-padding'  ><div class='flex_cell_inner'><\/div><\/div>\n<\/div>\n\n<style type=\"text\/css\" data-created_by=\"avia_inline_auto\" id=\"style-css-av-15o8fz-6c0afdd2fffdd452745968efd6656649\">\n.avia-section.av-15o8fz-6c0afdd2fffdd452745968efd6656649{\nbackground-color:#1a242c;\nbackground:linear-gradient( to right, #1a242c, #2e3d4a, #6c89a0 );\n}\n<\/style>\n<div id='av_section_1'  class='avia-section av-15o8fz-6c0afdd2fffdd452745968efd6656649 main_color avia-section-small avia-no-border-styling  avia-builder-el-5  el_after_av_layout_row  el_before_av_layout_row  avia-bg-style-scroll av-minimum-height av-minimum-height-custom av-height-custom  container_wrap sidebar_right'   data-av_minimum_height_px='150'><div class='container av-section-cont-open' style='height:150px'><div class='template-page content  av-content-small alpha units'><div class='post-entry post-entry-type-page post-entry-1549'><div class='entry-content-wrapper clearfix'>\n\n<style type=\"text\/css\" data-created_by=\"avia_inline_auto\" id=\"style-css-av-mbsccg0p-7d9f18a65abef9f1efc8694013077a30\">\n#top .av-special-heading.av-mbsccg0p-7d9f18a65abef9f1efc8694013077a30{\npadding-bottom:10px;\ncolor:#ffffff;\nfont-size:45px;\n}\nbody .av-special-heading.av-mbsccg0p-7d9f18a65abef9f1efc8694013077a30 .av-special-heading-tag .heading-char{\nfont-size:25px;\n}\n#top #wrap_all .av-special-heading.av-mbsccg0p-7d9f18a65abef9f1efc8694013077a30 .av-special-heading-tag{\nfont-size:45px;\n}\n.av-special-heading.av-mbsccg0p-7d9f18a65abef9f1efc8694013077a30 .special-heading-inner-border{\nborder-color:#ffffff;\n}\n.av-special-heading.av-mbsccg0p-7d9f18a65abef9f1efc8694013077a30 .av-subheading{\nfont-size:15px;\n}\n\n@media only screen and (min-width: 480px) and (max-width: 767px){ \n#top #wrap_all .av-special-heading.av-mbsccg0p-7d9f18a65abef9f1efc8694013077a30 .av-special-heading-tag{\nfont-size:0.8em;\n}\n}\n\n@media only screen and (max-width: 479px){ \n#top #wrap_all .av-special-heading.av-mbsccg0p-7d9f18a65abef9f1efc8694013077a30 .av-special-heading-tag{\nfont-size:0.8em;\n}\n}\n<\/style>\n<div  class='av-special-heading av-mbsccg0p-7d9f18a65abef9f1efc8694013077a30 av-special-heading-h3 custom-color-heading blockquote modern-quote  avia-builder-el-6  avia-builder-el-no-sibling  av-inherit-size'><h3 class='av-special-heading-tag '  itemprop=\"headline\"  >Tutorijal<\/h3><div class=\"special-heading-border\"><div class=\"special-heading-inner-border\"><\/div><\/div><\/div>\n\n<\/div><\/div><\/div><!-- close content main div --><\/div><\/div><div id='welcome'  class='av-layout-grid-container av-vtczb-39cb30770ffa5d2c6b713c4fa13f1850 entry-content-wrapper main_color av-fixed-cells  avia-builder-el-7  el_after_av_section  el_before_av_section  grid-row-not-first  container_wrap sidebar_right'  >\n\n<style type=\"text\/css\" data-created_by=\"avia_inline_auto\" id=\"style-css-av-qnzdb-4f4b27495759a94beb36754486f5f201\">\n.flex_cell.av-qnzdb-4f4b27495759a94beb36754486f5f201{\nvertical-align:top;\nheight:15px;\nmin-height:15px;\nbackground-color:#47627b;\n}\n.responsive #top #wrap_all .flex_cell.av-qnzdb-4f4b27495759a94beb36754486f5f201{\npadding:0px 0px 0px 0px !important;\n}\n<\/style>\n<div class='flex_cell av-qnzdb-4f4b27495759a94beb36754486f5f201 av-gridrow-cell av_one_fourth no_margin  avia-builder-el-8  el_before_av_cell_one_fourth  avia-builder-el-first  content-align-top av-zero-padding'  ><div class='flex_cell_inner'><\/div><\/div>\n<style type=\"text\/css\" data-created_by=\"avia_inline_auto\" id=\"style-css-av-nffdr-10698863021821faacf255f8a8b1a8fd\">\n.flex_cell.av-nffdr-10698863021821faacf255f8a8b1a8fd{\nvertical-align:top;\nheight:15px;\nmin-height:15px;\nbackground-color:#527593;\n}\n.responsive #top #wrap_all .flex_cell.av-nffdr-10698863021821faacf255f8a8b1a8fd{\npadding:0px 0px 0px 0px !important;\n}\n<\/style>\n<div class='flex_cell av-nffdr-10698863021821faacf255f8a8b1a8fd av-gridrow-cell av_one_fourth no_margin  avia-builder-el-9  el_after_av_cell_one_fourth  el_before_av_cell_one_fourth  content-align-top av-zero-padding'  ><div class='flex_cell_inner'><\/div><\/div>\n<style type=\"text\/css\" data-created_by=\"avia_inline_auto\" id=\"style-css-av-gw0uf-b5db82a47008afc6037746b03f2694d7\">\n.flex_cell.av-gw0uf-b5db82a47008afc6037746b03f2694d7{\nvertical-align:top;\nheight:15px;\nmin-height:15px;\nbackground-color:#7695ae;\n}\n.responsive #top #wrap_all .flex_cell.av-gw0uf-b5db82a47008afc6037746b03f2694d7{\npadding:0px 0px 0px 0px !important;\n}\n<\/style>\n<div class='flex_cell av-gw0uf-b5db82a47008afc6037746b03f2694d7 av-gridrow-cell av_one_fourth no_margin  avia-builder-el-10  el_after_av_cell_one_fourth  el_before_av_cell_one_fourth  content-align-top av-zero-padding'  ><div class='flex_cell_inner'><\/div><\/div>\n<style type=\"text\/css\" data-created_by=\"avia_inline_auto\" id=\"style-css-av-6lton-b2ddcb2628932f50cc856b188e3bf103\">\n.flex_cell.av-6lton-b2ddcb2628932f50cc856b188e3bf103{\nvertical-align:top;\nheight:15px;\nmin-height:15px;\nbackground-color:#a5c3d7;\n}\n.responsive #top #wrap_all .flex_cell.av-6lton-b2ddcb2628932f50cc856b188e3bf103{\npadding:0px 0px 0px 0px !important;\n}\n<\/style>\n<div class='flex_cell av-6lton-b2ddcb2628932f50cc856b188e3bf103 av-gridrow-cell av_one_fourth no_margin  avia-builder-el-11  el_after_av_cell_one_fourth  avia-builder-el-last  content-align-top av-zero-padding'  ><div class='flex_cell_inner'><\/div><\/div>\n<\/div>\n<div id='av_section_2'  class='avia-section av-kshkz-b3b6d62431cb2f14688199b985d130b3 main_color avia-section-default avia-no-border-styling  avia-builder-el-12  el_after_av_layout_row  el_before_av_section  avia-bg-style-scroll container_wrap sidebar_right'  ><div class='container av-section-cont-open' ><div class='template-page content  av-content-small alpha units'><div class='post-entry post-entry-type-page post-entry-1549'><div class='entry-content-wrapper clearfix'>\n<div  class='flex_column av-gkkg3-d72ccda2b53aab0d1375b752da7e234f av_one_full  avia-builder-el-13  el_before_av_one_fifth  avia-builder-el-first  first flex_column_div  '     ><p>\n<style type=\"text\/css\" data-created_by=\"avia_inline_auto\" id=\"style-css-av-mbqmllwk-7869528ae78354030c00ec81506c4fa7\">\n#top .av-special-heading.av-mbqmllwk-7869528ae78354030c00ec81506c4fa7{\npadding-bottom:10px;\n}\nbody .av-special-heading.av-mbqmllwk-7869528ae78354030c00ec81506c4fa7 .av-special-heading-tag .heading-char{\nfont-size:25px;\n}\n.av-special-heading.av-mbqmllwk-7869528ae78354030c00ec81506c4fa7 .av-subheading{\nfont-size:15px;\n}\n<\/style>\n<div  class='av-special-heading av-mbqmllwk-7869528ae78354030c00ec81506c4fa7 av-special-heading-h2 blockquote modern-quote  avia-builder-el-14  el_before_av_textblock  avia-builder-el-first '><h2 class='av-special-heading-tag '  itemprop=\"headline\"  >Kako se aktivira srpski prevod na Jutjubu?<\/h2><div class=\"special-heading-border\"><div class=\"special-heading-inner-border\"><\/div><\/div><\/div><br \/>\n<section  class='av_textblock_section av-mbcmifgj-55fbd006f61d85239d8cdcbb6a3a68e9 '   itemscope=\"itemscope\" itemtype=\"https:\/\/schema.org\/CreativeWork\" ><div class='avia_textblock'  itemprop=\"text\" ><p>Za one koji nisu koristili titlove &#8211; prevode na <strong>Jutjub<\/strong> video klipovima ovde je kratki video tutorujal i pisano uputstvo kako se aktivira srpski prevod &#8211; titl na <strong>Jutjubu<\/strong>.<\/p>\n<\/div><\/section><\/p><\/div><div  class='flex_column av-ap4hkd-a6e8e8d881083f4bd34f0a2f99dad89d av_one_fifth  avia-builder-el-16  el_after_av_one_full  el_before_av_three_fifth  first flex_column_div  column-top-margin'     ><\/div><div  class='flex_column av-umkjx-61db6c641fa5c6bc09820522daecad28 av_three_fifth  avia-builder-el-17  el_after_av_one_fifth  el_before_av_one_fifth  flex_column_div  column-top-margin'     ><div  class='avia-video av-mdyp0wtt-2013c6b121b3e5488da3ae7242799307 avia-video-16-9 av-no-preview-image avia-video-load-always av-lazyload-immediate av-lazyload-video-embed'  itemprop=\"video\" itemtype=\"https:\/\/schema.org\/VideoObject\"  data-original_url='https:\/\/youtu.be\/ATnw6wPNDK4'><script type='text\/html' class='av-video-tmpl'><div class='avia-iframe-wrap'><iframe loading=\"lazy\" title=\"Aktiviraj srpski prevod na YOUTUBE-u\" width=\"1500\" height=\"844\" src=\"https:\/\/www.youtube.com\/embed\/ATnw6wPNDK4?feature=oembed&autoplay=0&loop=0&controls=1&mute=0\" frameborder=\"0\" allow=\"accelerometer; autoplay; clipboard-write; encrypted-media; gyroscope; picture-in-picture; web-share\" referrerpolicy=\"strict-origin-when-cross-origin\" allowfullscreen><\/iframe><\/div><\/script><div class='av-click-to-play-overlay'><div class=\"avia_playpause_icon\"><\/div><\/div><\/div><\/div><div  class='flex_column av-77mqod-e1651247489367e69f4620c068231c05 av_one_fifth  avia-builder-el-19  el_after_av_three_fifth  el_before_av_hr  flex_column_div  column-top-margin'     ><\/div><div  class='hr av-5aglm5-44035f09121fb1601e31b4979d128c0e hr-default  avia-builder-el-20  el_after_av_one_fifth  el_before_av_one_half '><span class='hr-inner '><span class=\"hr-inner-style\"><\/span><\/span><\/div>\n<div  class='flex_column av-4lkgt9-56ae51d619a0071f42f3416bd360ce9c av_one_half  avia-builder-el-21  el_after_av_hr  el_before_av_one_half  first flex_column_div  '     ><p>\n<style type=\"text\/css\" data-created_by=\"avia_inline_auto\" id=\"style-css-av-mdyslzep-913a62d67beea5f3a955b04d09676f30\">\n#top .av-special-heading.av-mdyslzep-913a62d67beea5f3a955b04d09676f30{\npadding-bottom:10px;\n}\nbody .av-special-heading.av-mdyslzep-913a62d67beea5f3a955b04d09676f30 .av-special-heading-tag .heading-char{\nfont-size:25px;\n}\n.av-special-heading.av-mdyslzep-913a62d67beea5f3a955b04d09676f30 .av-subheading{\nfont-size:15px;\n}\n<\/style>\n<div  class='av-special-heading av-mdyslzep-913a62d67beea5f3a955b04d09676f30 av-special-heading-h3 blockquote modern-quote  avia-builder-el-22  el_before_av_textblock  avia-builder-el-first '><h3 class='av-special-heading-tag '  itemprop=\"headline\"  >Uputstvo<\/h3><div class=\"special-heading-border\"><div class=\"special-heading-inner-border\"><\/div><\/div><\/div><br \/>\n<section  class='av_textblock_section av-34j68t-85f15e33ac11ee180dffac784f659cea '   itemscope=\"itemscope\" itemtype=\"https:\/\/schema.org\/CreativeWork\" ><div class='avia_textblock'  itemprop=\"text\" ><ul>\n<li>Na dnu video plejera <strong>Jutjuba<\/strong> sa desne strane postoji nekoliko kontrolnih dugmi\u0107a. Dugme<strong> CC<\/strong> slu\u017ei za aktiviranje \/ deaktiviranje prikaza titla na dnu video klipa.<\/li>\n<li>Dugme <strong>Settings<\/strong> (to\u010dki\u0107) daje pristup raznim parametrima reprodukcije video klipa kao \u0161to su brzina reprodukcije, kvalitet &#8211; rezolucija videa i sli\u010dno.<\/li>\n<li>Ako postoje prevodi za odre\u0111eni video klip u okviru pode\u0161avanja &#8211; <strong>Settings<\/strong> pojavi\u0107e se i opcija <strong>Subtitles\/CC<\/strong>. Kada u\u0111emo u taj meni dobi\u0107emo izbor prevoda &#8211; titlova za ovaj klip.<\/li>\n<li>Ako postoji srpski prevod izabra\u0107emo iz ponude <strong>Serbian (Latin)<\/strong> i iza\u0107i iz pode\u0161avanja.<\/li>\n<\/ul>\n<\/div><\/section><\/p><\/div>\n<style type=\"text\/css\" data-created_by=\"avia_inline_auto\" id=\"style-css-av-mdypxda4-71547315bd297e194e4669c5a0529fdf\">\n@keyframes av_boxShadowEffect_av-mdypxda4-71547315bd297e194e4669c5a0529fdf-column {\n0%   { box-shadow:  0 0 0 0 #444444; opacity: 1; }\n100% { box-shadow:  0 0 14px 0 #444444; opacity: 1; }\n}\n.flex_column.av-mdypxda4-71547315bd297e194e4669c5a0529fdf{\nbox-shadow: 0 0 14px 0 #444444;\npadding:25px 25px 25px 25px;\nbackground-color:#f2f1ef;\n}\n<\/style>\n<div  class='flex_column av-mdypxda4-71547315bd297e194e4669c5a0529fdf av_one_half  avia-builder-el-24  el_after_av_one_half  avia-builder-el-last  flex_column_div shadow-not-animated  '     ><p>\n<style type=\"text\/css\" data-created_by=\"avia_inline_auto\" id=\"style-css-av-mdypyegw-80e5a77260196dfe7d441ca4e4006576\">\n#top .av-special-heading.av-mdypyegw-80e5a77260196dfe7d441ca4e4006576{\npadding-bottom:10px;\n}\nbody .av-special-heading.av-mdypyegw-80e5a77260196dfe7d441ca4e4006576 .av-special-heading-tag .heading-char{\nfont-size:25px;\n}\n#top #wrap_all .av-special-heading.av-mdypyegw-80e5a77260196dfe7d441ca4e4006576 .av-special-heading-tag{\npadding:0 0 0 25px;\n}\n.av-special-heading.av-mdypyegw-80e5a77260196dfe7d441ca4e4006576 .av-subheading{\nfont-size:15px;\n}\n<\/style>\n<div  class='av-special-heading av-mdypyegw-80e5a77260196dfe7d441ca4e4006576 av-special-heading-h3 blockquote modern-quote  avia-builder-el-25  el_before_av_textblock  avia-builder-el-first '><h3 class='av-special-heading-tag '  itemprop=\"headline\"  >Napomene<\/h3><div class=\"special-heading-border\"><div class=\"special-heading-inner-border\"><\/div><\/div><\/div><br \/>\n<section  class='av_textblock_section av-mdysiuqg-ccb41f26009719ea6b88360fac77384d '   itemscope=\"itemscope\" itemtype=\"https:\/\/schema.org\/CreativeWork\" ><div class='avia_textblock'  itemprop=\"text\" ><ul>\n<li>Parametre za prevod koje postavite na jednom video klipu <strong>Jutjub<\/strong> uglavnom pamti i kod otvaranja narednog klipa postavi\u0107e isti prevod &#8211; titl ako postoji za taj video klip. Sami mo\u017eete uvek menjati ove parametre, uklju\u010diti \/ isklju\u010diti titlove, birati jezike prevoda.<\/li>\n<li>Autori &#8211; administratori video klipa sami dodaju odre\u0111ene prevode &#8211; titlove za svoj video. Tako \u0107ete na Jutjubu na\u0107i klipove koji ne nude nijedan prevod &#8211; titl a ima i onih koji nude desetine prevoda.<\/li>\n<li>Video klipovi koje nalazite ovde kod nas na sajtu imaju obezbe\u0111en srpski prevod.<\/li>\n<\/ul>\n<\/div><\/section><\/p><\/div><\/div><\/div><\/div><!-- close content main div --><\/div><\/div>\n<style type=\"text\/css\" data-created_by=\"avia_inline_auto\" id=\"style-css-av-18v83r-47c8ea46c4fa9ecc6af480da28d56878\">\n.avia-section.av-18v83r-47c8ea46c4fa9ecc6af480da28d56878{\nmargin-top:50px;\nmargin-bottom:0px;\n}\n<\/style>\n<div id='av_section_3'  class='avia-section av-18v83r-47c8ea46c4fa9ecc6af480da28d56878 main_color avia-section-default avia-no-border-styling  avia-builder-el-27  el_after_av_section  el_before_av_layout_row  avia-bg-style-scroll container_wrap sidebar_right'  ><div class='container av-section-cont-open' ><div class='template-page content  av-content-small alpha units'><div class='post-entry post-entry-type-page post-entry-1549'><div class='entry-content-wrapper clearfix'>\n<div  class='avia-logo-element-container av-14x2tj-64b4f0d3007d5437cee435746c4d6d3d av-border-deactivate avia-logo-slider avia-content-slider avia-smallarrow-slider avia-content-slider-active noHover avia-content-slider-odd  avia-builder-el-28  avia-builder-el-no-sibling  av-slideshow-ui av-control-hidden av-nav-arrows-visible av-nav-dots-visible av-no-slider-navigation av-hide-nav-arrows av-slideshow-manual av-loop-once av-loop-manual-endless avia-content-slider1' data-slideshow-options=\"{&quot;animation&quot;:&quot;slide&quot;,&quot;autoplay&quot;:false,&quot;loop_autoplay&quot;:&quot;once&quot;,&quot;interval&quot;:5,&quot;loop_manual&quot;:&quot;manual-endless&quot;,&quot;autoplay_stopper&quot;:false,&quot;noNavigation&quot;:true,&quot;bg_slider&quot;:false,&quot;keep_padding&quot;:&quot;&quot;,&quot;hoverpause&quot;:false,&quot;show_slide_delay&quot;:0}\"><div class='avia-smallarrow-slider-heading  no-logo-slider-heading '><\/div><div class=\"avia-content-slider-inner\"><div class=\"slide-entry-wrap\"><div  class='slide-entry av-wojnz-0d21eeed5a03d712a39533f275e95663 flex_column no_margin av_one_fifth real-thumbnail post-entry slide-entry-overview slide-loop-1 slide-parity-odd  first'><a href=\"https:\/\/www.wopg.org\/\" data-rel='slide-1' class='slide-image' title=''  target=\"_blank\"  rel=\"noopener noreferrer\"><img decoding=\"async\" fetchpriority=\"high\" width=\"260\" height=\"70\" src=\"https:\/\/porukamira.com\/wp-content\/uploads\/2025\/06\/logo-wopg-260.jpg\" class=\"wp-image-967 avia-img-lazy-loading-not-967 attachment-no scaling size-no scaling\" alt=\"\" \/><\/a><\/div><div  class='slide-entry av-pvvsn-7353881f62c47f6bc4083f2958f702bf flex_column no_margin av_one_fifth real-thumbnail post-entry slide-entry-overview slide-loop-2 slide-parity-even  '><a href=\"https:\/\/www.premrawat.com\/\" data-rel='slide-1' class='slide-image' title=''  target=\"_blank\"  rel=\"noopener noreferrer\"><img decoding=\"async\" fetchpriority=\"high\" width=\"260\" height=\"70\" src=\"https:\/\/porukamira.com\/wp-content\/uploads\/2025\/06\/logo-pr-260.jpg\" class=\"wp-image-970 avia-img-lazy-loading-not-970 attachment-no scaling size-no scaling\" alt=\"\" \/><\/a><\/div><div  class='slide-entry av-80jb-da6665ad86b992d515ba89221baf8e9e flex_column no_margin av_one_fifth real-thumbnail post-entry slide-entry-overview slide-loop-3 slide-parity-odd  '><a href=\"https:\/\/www.timelesstoday.tv\/\" data-rel='slide-1' class='slide-image' title=''  target=\"_blank\"  rel=\"noopener noreferrer\"><img decoding=\"async\" fetchpriority=\"high\" width=\"260\" height=\"70\" src=\"https:\/\/porukamira.com\/wp-content\/uploads\/2025\/06\/logo-tt-260.jpg\" class=\"wp-image-969 avia-img-lazy-loading-not-969 attachment-no scaling size-no scaling\" alt=\"\" \/><\/a><\/div><div  class='slide-entry av-fueof-e3d6233ba8a2640a91acd5fb88edca2a flex_column no_margin av_one_fifth real-thumbnail post-entry slide-entry-overview slide-loop-4 slide-parity-even  '><a href=\"https:\/\/tprf.org\/\" data-rel='slide-1' class='slide-image' title=''  target=\"_blank\"  rel=\"noopener noreferrer\"><img decoding=\"async\" fetchpriority=\"high\" width=\"260\" height=\"70\" src=\"https:\/\/porukamira.com\/wp-content\/uploads\/2025\/06\/logo-tprf-260.jpg\" class=\"wp-image-968 avia-img-lazy-loading-not-968 attachment-no scaling size-no scaling\" alt=\"\" \/><\/a><\/div><div  class='slide-entry av-7ebx3-bded0b3717c98331f6834259607556d3 flex_column no_margin av_one_fifth real-thumbnail post-entry slide-entry-overview slide-loop-5 slide-parity-odd post-entry-last '><a href=\"https:\/\/www.intelligentexistence.com\/\" data-rel='slide-1' class='slide-image' title=''  target=\"_blank\"  rel=\"noopener noreferrer\"><img decoding=\"async\" fetchpriority=\"high\" width=\"260\" height=\"70\" src=\"https:\/\/porukamira.com\/wp-content\/uploads\/2025\/06\/logo-ie-260.jpg\" class=\"wp-image-971 avia-img-lazy-loading-not-971 attachment-no scaling size-no scaling\" alt=\"\" \/><\/a><\/div><\/div><\/div><\/div>\n<\/p>\n<\/div><\/div><\/div><!-- close content main div --><\/div><\/div><div id='welcome'  class='av-layout-grid-container av-wdhr9-f7581b0f15400ada3f17176e02cf10c6 entry-content-wrapper main_color av-fixed-cells  avia-builder-el-29  el_after_av_section  avia-builder-el-last  grid-row-not-first  container_wrap sidebar_right'  >\n\n<style type=\"text\/css\" data-created_by=\"avia_inline_auto\" id=\"style-css-av-2wphh-6d440e8639f7397edcd7ad9f5b9071a3\">\n.flex_cell.av-2wphh-6d440e8639f7397edcd7ad9f5b9071a3{\nvertical-align:top;\nheight:15px;\nmin-height:15px;\nbackground-color:#47627b;\n}\n.responsive #top #wrap_all .flex_cell.av-2wphh-6d440e8639f7397edcd7ad9f5b9071a3{\npadding:0px 0px 0px 0px !important;\n}\n<\/style>\n<div class='flex_cell av-2wphh-6d440e8639f7397edcd7ad9f5b9071a3 av-gridrow-cell av_one_fourth no_margin  avia-builder-el-30  el_before_av_cell_one_fourth  avia-builder-el-first  content-align-top av-zero-padding'  ><div class='flex_cell_inner'><\/div><\/div>\n<style type=\"text\/css\" data-created_by=\"avia_inline_auto\" id=\"style-css-av-jitw5-16460610cd5fa0b5b06507e7b6143061\">\n.flex_cell.av-jitw5-16460610cd5fa0b5b06507e7b6143061{\nvertical-align:top;\nheight:15px;\nmin-height:15px;\nbackground-color:#527593;\n}\n.responsive #top #wrap_all .flex_cell.av-jitw5-16460610cd5fa0b5b06507e7b6143061{\npadding:0px 0px 0px 0px !important;\n}\n<\/style>\n<div class='flex_cell av-jitw5-16460610cd5fa0b5b06507e7b6143061 av-gridrow-cell av_one_fourth no_margin  avia-builder-el-31  el_after_av_cell_one_fourth  el_before_av_cell_one_fourth  content-align-top av-zero-padding'  ><div class='flex_cell_inner'><\/div><\/div>\n<style type=\"text\/css\" data-created_by=\"avia_inline_auto\" id=\"style-css-av-czn2l-306958f9bbf0f3098bdf9c8c52900e14\">\n.flex_cell.av-czn2l-306958f9bbf0f3098bdf9c8c52900e14{\nvertical-align:top;\nheight:15px;\nmin-height:15px;\nbackground-color:#7695ae;\n}\n.responsive #top #wrap_all .flex_cell.av-czn2l-306958f9bbf0f3098bdf9c8c52900e14{\npadding:0px 0px 0px 0px !important;\n}\n<\/style>\n<div class='flex_cell av-czn2l-306958f9bbf0f3098bdf9c8c52900e14 av-gridrow-cell av_one_fourth no_margin  avia-builder-el-32  el_after_av_cell_one_fourth  el_before_av_cell_one_fourth  content-align-top av-zero-padding'  ><div class='flex_cell_inner'><\/div><\/div>\n<style type=\"text\/css\" data-created_by=\"avia_inline_auto\" id=\"style-css-av-bn8sd-291868c2d06116dfe9938c12ec570349\">\n.flex_cell.av-bn8sd-291868c2d06116dfe9938c12ec570349{\nvertical-align:top;\nheight:15px;\nmin-height:15px;\nbackground-color:#a5c3d7;\n}\n.responsive #top #wrap_all .flex_cell.av-bn8sd-291868c2d06116dfe9938c12ec570349{\npadding:0px 0px 0px 0px !important;\n}\n<\/style>\n<div class='flex_cell av-bn8sd-291868c2d06116dfe9938c12ec570349 av-gridrow-cell av_one_fourth no_margin  avia-builder-el-33  el_after_av_cell_one_fourth  avia-builder-el-last  content-align-top av-zero-padding'  ><div class='flex_cell_inner'><\/div><\/div>\n<\/div>\n","protected":false},"excerpt":{"rendered":"","protected":false},"author":1,"featured_media":0,"parent":0,"menu_order":0,"comment_status":"closed","ping_status":"closed","template":"","meta":{"footnotes":""},"class_list":["post-1549","page","type-page","status-publish","hentry"],"_links":{"self":[{"href":"https:\/\/porukamira.com\/index.php\/wp-json\/wp\/v2\/pages\/1549","targetHints":{"allow":["GET"]}}],"collection":[{"href":"https:\/\/porukamira.com\/index.php\/wp-json\/wp\/v2\/pages"}],"about":[{"href":"https:\/\/porukamira.com\/index.php\/wp-json\/wp\/v2\/types\/page"}],"author":[{"embeddable":true,"href":"https:\/\/porukamira.com\/index.php\/wp-json\/wp\/v2\/users\/1"}],"replies":[{"embeddable":true,"href":"https:\/\/porukamira.com\/index.php\/wp-json\/wp\/v2\/comments?post=1549"}],"version-history":[{"count":18,"href":"https:\/\/porukamira.com\/index.php\/wp-json\/wp\/v2\/pages\/1549\/revisions"}],"predecessor-version":[{"id":1594,"href":"https:\/\/porukamira.com\/index.php\/wp-json\/wp\/v2\/pages\/1549\/revisions\/1594"}],"wp:attachment":[{"href":"https:\/\/porukamira.com\/index.php\/wp-json\/wp\/v2\/media?parent=1549"}],"curies":[{"name":"wp","href":"https:\/\/api.w.org\/{rel}","templated":true}]}}